{"id":12745,"date":"2024-03-21T14:24:57","date_gmt":"2024-03-21T12:24:57","guid":{"rendered":"https:\/\/rent.radiustech.ee\/toode\/sonajalg-kimp-30cm\/"},"modified":"2026-04-17T15:37:20","modified_gmt":"2026-04-17T13:37:20","slug":"noop-sonajalg-kimp-38cm","status":"publish","type":"product","link":"https:\/\/rent.radiustech.ee\/en\/toode\/noop-sonajalg-kimp-38cm\/","title":{"rendered":"N\u00f6\u00f6p-s\u00f5najalg, kimp (38cm)"},"content":{"rendered":"","protected":false},"excerpt":{"rendered":"","protected":false},"featured_media":13701,"template":"","meta":[],"product_brand":[],"product_cat":[195],"product_tag":[],"class_list":{"0":"post-12745","1":"product","2":"type-product","3":"status-publish","4":"has-post-thumbnail","6":"product_cat-ripptaimed-ja-lehed","8":"first","9":"instock","10":"featured","11":"taxable","12":"shipping-taxable","13":"purchasable","14":"product-type-rentable"},"_links":{"self":[{"href":"https:\/\/rent.radiustech.ee\/en\/wp-json\/wp\/v2\/product\/12745","targetHints":{"allow":["GET"]}}],"collection":[{"href":"https:\/\/rent.radiustech.ee\/en\/wp-json\/wp\/v2\/product"}],"about":[{"href":"https:\/\/rent.radiustech.ee\/en\/wp-json\/wp\/v2\/types\/product"}],"version-history":[{"count":2,"href":"https:\/\/rent.radiustech.ee\/en\/wp-json\/wp\/v2\/product\/12745\/revisions"}],"predecessor-version":[{"id":14703,"href":"https:\/\/rent.radiustech.ee\/en\/wp-json\/wp\/v2\/product\/12745\/revisions\/14703"}],"wp:featuredmedia":[{"embeddable":true,"href":"https:\/\/rent.radiustech.ee\/en\/wp-json\/wp\/v2\/media\/13701"}],"wp:attachment":[{"href":"https:\/\/rent.radiustech.ee\/en\/wp-json\/wp\/v2\/media?parent=12745"}],"wp:term":[{"taxonomy":"product_brand","embeddable":true,"href":"https:\/\/rent.radiustech.ee\/en\/wp-json\/wp\/v2\/product_brand?post=12745"},{"taxonomy":"product_cat","embeddable":true,"href":"https:\/\/rent.radiustech.ee\/en\/wp-json\/wp\/v2\/product_cat?post=12745"},{"taxonomy":"product_tag","embeddable":true,"href":"https:\/\/rent.radiustech.ee\/en\/wp-json\/wp\/v2\/product_tag?post=12745"}],"curies":[{"name":"wp","href":"https:\/\/api.w.org\/{rel}","templated":true}]}}