{"id":12788,"date":"2024-03-26T19:04:07","date_gmt":"2024-03-26T17:04:07","guid":{"rendered":"https:\/\/rent.radiustech.ee\/toode\/diivanilaud-infinity-must\/"},"modified":"2026-04-17T15:37:20","modified_gmt":"2026-04-17T13:37:20","slug":"diivanilauakomplekt-infinity-must","status":"publish","type":"product","link":"https:\/\/rent.radiustech.ee\/en\/toode\/diivanilauakomplekt-infinity-must\/","title":{"rendered":"Diivanilauakomplekt INFINITY, must"},"content":{"rendered":"","protected":false},"excerpt":{"rendered":"<p>Suurema laua m\u00f5\u00f5dud: 50x50cm<br \/>K\u00f5rgus: 45cm<\/p>\n<p>V\u00e4iksema laua m\u00f5\u00f5dud: 40x40cm<br \/>K\u00f5rgus: 40cm<\/p>\n<p>Materjal: melamiin, metall<\/p>\n<p>Kogus laos 7 tk.<\/p>\n","protected":false},"featured_media":13004,"template":"","meta":[],"product_brand":[],"product_cat":[560],"product_tag":[],"class_list":{"0":"post-12788","1":"product","2":"type-product","3":"status-publish","4":"has-post-thumbnail","6":"product_cat-diivanilauad","8":"first","9":"instock","10":"featured","11":"taxable","12":"shipping-taxable","13":"purchasable","14":"product-type-rentable"},"_links":{"self":[{"href":"https:\/\/rent.radiustech.ee\/en\/wp-json\/wp\/v2\/product\/12788","targetHints":{"allow":["GET"]}}],"collection":[{"href":"https:\/\/rent.radiustech.ee\/en\/wp-json\/wp\/v2\/product"}],"about":[{"href":"https:\/\/rent.radiustech.ee\/en\/wp-json\/wp\/v2\/types\/product"}],"version-history":[{"count":3,"href":"https:\/\/rent.radiustech.ee\/en\/wp-json\/wp\/v2\/product\/12788\/revisions"}],"predecessor-version":[{"id":14774,"href":"https:\/\/rent.radiustech.ee\/en\/wp-json\/wp\/v2\/product\/12788\/revisions\/14774"}],"wp:featuredmedia":[{"embeddable":true,"href":"https:\/\/rent.radiustech.ee\/en\/wp-json\/wp\/v2\/media\/13004"}],"wp:attachment":[{"href":"https:\/\/rent.radiustech.ee\/en\/wp-json\/wp\/v2\/media?parent=12788"}],"wp:term":[{"taxonomy":"product_brand","embeddable":true,"href":"https:\/\/rent.radiustech.ee\/en\/wp-json\/wp\/v2\/product_brand?post=12788"},{"taxonomy":"product_cat","embeddable":true,"href":"https:\/\/rent.radiustech.ee\/en\/wp-json\/wp\/v2\/product_cat?post=12788"},{"taxonomy":"product_tag","embeddable":true,"href":"https:\/\/rent.radiustech.ee\/en\/wp-json\/wp\/v2\/product_tag?post=12788"}],"curies":[{"name":"wp","href":"https:\/\/api.w.org\/{rel}","templated":true}]}}