{"id":13151,"date":"2024-11-18T15:54:06","date_gmt":"2024-11-18T13:54:06","guid":{"rendered":"https:\/\/rent.radiustech.ee\/toode\/tugitool-egedal-oranz\/"},"modified":"2026-04-17T15:37:22","modified_gmt":"2026-04-17T13:37:22","slug":"tugitool-egedal-oranz","status":"publish","type":"product","link":"https:\/\/rent.radiustech.ee\/en\/toode\/tugitool-egedal-oranz\/","title":{"rendered":"Tugitool EGEDAL, oran\u017e"},"content":{"rendered":"","protected":false},"excerpt":{"rendered":"<p>M\u00f5\u00f5dud: 83x81cm<br \/>K\u00f5rgus: 82cm<\/p>\n<p>Kogus laos 4 tk.<\/p>\n","protected":false},"featured_media":13178,"template":"","meta":[],"product_brand":[],"product_cat":[557],"product_tag":[],"class_list":{"0":"post-13151","1":"product","2":"type-product","3":"status-publish","4":"has-post-thumbnail","6":"product_cat-tugitoolid","8":"first","9":"instock","10":"featured","11":"taxable","12":"shipping-taxable","13":"purchasable","14":"product-type-rentable"},"_links":{"self":[{"href":"https:\/\/rent.radiustech.ee\/en\/wp-json\/wp\/v2\/product\/13151","targetHints":{"allow":["GET"]}}],"collection":[{"href":"https:\/\/rent.radiustech.ee\/en\/wp-json\/wp\/v2\/product"}],"about":[{"href":"https:\/\/rent.radiustech.ee\/en\/wp-json\/wp\/v2\/types\/product"}],"version-history":[{"count":2,"href":"https:\/\/rent.radiustech.ee\/en\/wp-json\/wp\/v2\/product\/13151\/revisions"}],"predecessor-version":[{"id":14412,"href":"https:\/\/rent.radiustech.ee\/en\/wp-json\/wp\/v2\/product\/13151\/revisions\/14412"}],"wp:featuredmedia":[{"embeddable":true,"href":"https:\/\/rent.radiustech.ee\/en\/wp-json\/wp\/v2\/media\/13178"}],"wp:attachment":[{"href":"https:\/\/rent.radiustech.ee\/en\/wp-json\/wp\/v2\/media?parent=13151"}],"wp:term":[{"taxonomy":"product_brand","embeddable":true,"href":"https:\/\/rent.radiustech.ee\/en\/wp-json\/wp\/v2\/product_brand?post=13151"},{"taxonomy":"product_cat","embeddable":true,"href":"https:\/\/rent.radiustech.ee\/en\/wp-json\/wp\/v2\/product_cat?post=13151"},{"taxonomy":"product_tag","embeddable":true,"href":"https:\/\/rent.radiustech.ee\/en\/wp-json\/wp\/v2\/product_tag?post=13151"}],"curies":[{"name":"wp","href":"https:\/\/api.w.org\/{rel}","templated":true}]}}