{"id":13218,"date":"2024-11-18T17:39:02","date_gmt":"2024-11-18T15:39:02","guid":{"rendered":"https:\/\/rent.radiustech.ee\/toode\/diivanilaud-royal-kuldne\/"},"modified":"2026-04-17T15:37:22","modified_gmt":"2026-04-17T13:37:22","slug":"diivanilauakomplekt-royal-kuldne","status":"publish","type":"product","link":"https:\/\/rent.radiustech.ee\/en\/toode\/diivanilauakomplekt-royal-kuldne\/","title":{"rendered":"Diivanilauakomplekt ROYAL, kuldne"},"content":{"rendered":"","protected":false},"excerpt":{"rendered":"<p>Suurema laua m\u00f5\u00f5dud: \u230080cm<br \/>K\u00f5rgus: 45cm<br \/>V\u00e4iksema laua m\u00f5\u00f5dud:\u00a0\u230060cm<br \/>K\u00f5rgus: 40cm<\/p>\n<p>Kogus laos 2 tk.<\/p>\n","protected":false},"featured_media":13227,"template":"","meta":[],"product_brand":[],"product_cat":[560],"product_tag":[],"class_list":{"0":"post-13218","1":"product","2":"type-product","3":"status-publish","4":"has-post-thumbnail","6":"product_cat-diivanilauad","8":"first","9":"instock","10":"featured","11":"taxable","12":"shipping-taxable","13":"purchasable","14":"product-type-rentable"},"_links":{"self":[{"href":"https:\/\/rent.radiustech.ee\/en\/wp-json\/wp\/v2\/product\/13218","targetHints":{"allow":["GET"]}}],"collection":[{"href":"https:\/\/rent.radiustech.ee\/en\/wp-json\/wp\/v2\/product"}],"about":[{"href":"https:\/\/rent.radiustech.ee\/en\/wp-json\/wp\/v2\/types\/product"}],"version-history":[{"count":2,"href":"https:\/\/rent.radiustech.ee\/en\/wp-json\/wp\/v2\/product\/13218\/revisions"}],"predecessor-version":[{"id":14481,"href":"https:\/\/rent.radiustech.ee\/en\/wp-json\/wp\/v2\/product\/13218\/revisions\/14481"}],"wp:featuredmedia":[{"embeddable":true,"href":"https:\/\/rent.radiustech.ee\/en\/wp-json\/wp\/v2\/media\/13227"}],"wp:attachment":[{"href":"https:\/\/rent.radiustech.ee\/en\/wp-json\/wp\/v2\/media?parent=13218"}],"wp:term":[{"taxonomy":"product_brand","embeddable":true,"href":"https:\/\/rent.radiustech.ee\/en\/wp-json\/wp\/v2\/product_brand?post=13218"},{"taxonomy":"product_cat","embeddable":true,"href":"https:\/\/rent.radiustech.ee\/en\/wp-json\/wp\/v2\/product_cat?post=13218"},{"taxonomy":"product_tag","embeddable":true,"href":"https:\/\/rent.radiustech.ee\/en\/wp-json\/wp\/v2\/product_tag?post=13218"}],"curies":[{"name":"wp","href":"https:\/\/api.w.org\/{rel}","templated":true}]}}