{"id":13219,"date":"2024-11-18T17:39:04","date_gmt":"2024-11-18T15:39:04","guid":{"rendered":"https:\/\/rent.radiustech.ee\/toode\/diivanilaud-vittsjo\/"},"modified":"2026-04-17T15:37:22","modified_gmt":"2026-04-17T13:37:22","slug":"diivanilauakomplekt-scandi","status":"publish","type":"product","link":"https:\/\/rent.radiustech.ee\/en\/toode\/diivanilauakomplekt-scandi\/","title":{"rendered":"Diivanilauakomplekt SCANDI"},"content":{"rendered":"","protected":false},"excerpt":{"rendered":"<p>Suurema laua m\u00f5\u00f5dud: 90x45cm<br \/>K\u00f5rgus: 44cm<\/p>\n<p>V\u00e4iksema laua m\u00f5\u00f5dud: 50x50cm<br \/>K\u00f5rgus: 49cm<\/p>\n<p>Materjal: Klaas, metall, MDF<\/p>\n<p>Kogus laos 2 tk.<\/p>\n","protected":false},"featured_media":14400,"template":"","meta":[],"product_brand":[],"product_cat":[560],"product_tag":[],"class_list":{"0":"post-13219","1":"product","2":"type-product","3":"status-publish","4":"has-post-thumbnail","6":"product_cat-diivanilauad","8":"first","9":"instock","10":"featured","11":"taxable","12":"shipping-taxable","13":"purchasable","14":"product-type-rentable"},"_links":{"self":[{"href":"https:\/\/rent.radiustech.ee\/en\/wp-json\/wp\/v2\/product\/13219","targetHints":{"allow":["GET"]}}],"collection":[{"href":"https:\/\/rent.radiustech.ee\/en\/wp-json\/wp\/v2\/product"}],"about":[{"href":"https:\/\/rent.radiustech.ee\/en\/wp-json\/wp\/v2\/types\/product"}],"version-history":[{"count":2,"href":"https:\/\/rent.radiustech.ee\/en\/wp-json\/wp\/v2\/product\/13219\/revisions"}],"predecessor-version":[{"id":14392,"href":"https:\/\/rent.radiustech.ee\/en\/wp-json\/wp\/v2\/product\/13219\/revisions\/14392"}],"wp:featuredmedia":[{"embeddable":true,"href":"https:\/\/rent.radiustech.ee\/en\/wp-json\/wp\/v2\/media\/14400"}],"wp:attachment":[{"href":"https:\/\/rent.radiustech.ee\/en\/wp-json\/wp\/v2\/media?parent=13219"}],"wp:term":[{"taxonomy":"product_brand","embeddable":true,"href":"https:\/\/rent.radiustech.ee\/en\/wp-json\/wp\/v2\/product_brand?post=13219"},{"taxonomy":"product_cat","embeddable":true,"href":"https:\/\/rent.radiustech.ee\/en\/wp-json\/wp\/v2\/product_cat?post=13219"},{"taxonomy":"product_tag","embeddable":true,"href":"https:\/\/rent.radiustech.ee\/en\/wp-json\/wp\/v2\/product_tag?post=13219"}],"curies":[{"name":"wp","href":"https:\/\/api.w.org\/{rel}","templated":true}]}}