{"id":13222,"date":"2024-11-18T17:39:06","date_gmt":"2024-11-18T15:39:06","guid":{"rendered":"https:\/\/rent.radiustech.ee\/toode\/diivanilaud-ziva-hobedane\/"},"modified":"2026-04-23T10:09:02","modified_gmt":"2026-04-23T08:09:02","slug":"diivanilaud-ziva-hobedane","status":"publish","type":"product","link":"https:\/\/rent.radiustech.ee\/en\/toode\/diivanilaud-ziva-hobedane\/","title":{"rendered":"Diivanilaud ZIVA, h\u00f5bedane"},"content":{"rendered":"","protected":false},"excerpt":{"rendered":"<p>M\u00f5\u00f5dud: 120x60cm<br \/>K\u00f5rgus: 40cm<\/p>\n<p>Materjal: metall, klaas<\/p>\n<p>Kogus laos 2 tk.<\/p>\n","protected":false},"featured_media":13231,"template":"","meta":[],"product_brand":[],"product_cat":[560],"product_tag":[],"class_list":{"0":"post-13222","1":"product","2":"type-product","3":"status-publish","4":"has-post-thumbnail","6":"product_cat-diivanilauad","8":"first","9":"instock","10":"featured","11":"taxable","12":"shipping-taxable","13":"purchasable","14":"product-type-rentable"},"_links":{"self":[{"href":"https:\/\/rent.radiustech.ee\/en\/wp-json\/wp\/v2\/product\/13222","targetHints":{"allow":["GET"]}}],"collection":[{"href":"https:\/\/rent.radiustech.ee\/en\/wp-json\/wp\/v2\/product"}],"about":[{"href":"https:\/\/rent.radiustech.ee\/en\/wp-json\/wp\/v2\/types\/product"}],"version-history":[{"count":2,"href":"https:\/\/rent.radiustech.ee\/en\/wp-json\/wp\/v2\/product\/13222\/revisions"}],"predecessor-version":[{"id":14395,"href":"https:\/\/rent.radiustech.ee\/en\/wp-json\/wp\/v2\/product\/13222\/revisions\/14395"}],"wp:featuredmedia":[{"embeddable":true,"href":"https:\/\/rent.radiustech.ee\/en\/wp-json\/wp\/v2\/media\/13231"}],"wp:attachment":[{"href":"https:\/\/rent.radiustech.ee\/en\/wp-json\/wp\/v2\/media?parent=13222"}],"wp:term":[{"taxonomy":"product_brand","embeddable":true,"href":"https:\/\/rent.radiustech.ee\/en\/wp-json\/wp\/v2\/product_brand?post=13222"},{"taxonomy":"product_cat","embeddable":true,"href":"https:\/\/rent.radiustech.ee\/en\/wp-json\/wp\/v2\/product_cat?post=13222"},{"taxonomy":"product_tag","embeddable":true,"href":"https:\/\/rent.radiustech.ee\/en\/wp-json\/wp\/v2\/product_tag?post=13222"}],"curies":[{"name":"wp","href":"https:\/\/api.w.org\/{rel}","templated":true}]}}