{"id":13579,"date":"2025-04-21T17:49:11","date_gmt":"2025-04-21T15:49:11","guid":{"rendered":"https:\/\/rent.radiustech.ee\/toode\/akruulsilinder-labipaistev-65cm\/"},"modified":"2026-04-17T15:36:42","modified_gmt":"2026-04-17T13:36:42","slug":"akruulsilinder-labipaistev-65cm","status":"publish","type":"product","link":"https:\/\/rent.radiustech.ee\/en\/toode\/akruulsilinder-labipaistev-65cm\/","title":{"rendered":"Akr\u00fc\u00fclsilinder, l\u00e4bipaistev (65cm)"},"content":{"rendered":"","protected":false},"excerpt":{"rendered":"","protected":false},"featured_media":13661,"template":"","meta":[],"product_brand":[],"product_cat":[546],"product_tag":[275],"class_list":{"0":"post-13579","1":"product","2":"type-product","3":"status-publish","4":"has-post-thumbnail","6":"product_cat-muu","7":"product_tag-_piltmuuta","9":"first","10":"instock","11":"featured","12":"taxable","13":"shipping-taxable","14":"purchasable","15":"product-type-rentable"},"_links":{"self":[{"href":"https:\/\/rent.radiustech.ee\/en\/wp-json\/wp\/v2\/product\/13579","targetHints":{"allow":["GET"]}}],"collection":[{"href":"https:\/\/rent.radiustech.ee\/en\/wp-json\/wp\/v2\/product"}],"about":[{"href":"https:\/\/rent.radiustech.ee\/en\/wp-json\/wp\/v2\/types\/product"}],"version-history":[{"count":0,"href":"https:\/\/rent.radiustech.ee\/en\/wp-json\/wp\/v2\/product\/13579\/revisions"}],"wp:featuredmedia":[{"embeddable":true,"href":"https:\/\/rent.radiustech.ee\/en\/wp-json\/wp\/v2\/media\/13661"}],"wp:attachment":[{"href":"https:\/\/rent.radiustech.ee\/en\/wp-json\/wp\/v2\/media?parent=13579"}],"wp:term":[{"taxonomy":"product_brand","embeddable":true,"href":"https:\/\/rent.radiustech.ee\/en\/wp-json\/wp\/v2\/product_brand?post=13579"},{"taxonomy":"product_cat","embeddable":true,"href":"https:\/\/rent.radiustech.ee\/en\/wp-json\/wp\/v2\/product_cat?post=13579"},{"taxonomy":"product_tag","embeddable":true,"href":"https:\/\/rent.radiustech.ee\/en\/wp-json\/wp\/v2\/product_tag?post=13579"}],"curies":[{"name":"wp","href":"https:\/\/api.w.org\/{rel}","templated":true}]}}