{"id":13588,"date":"2025-04-21T17:49:24","date_gmt":"2025-04-21T15:49:24","guid":{"rendered":"https:\/\/rent.radiustech.ee\/toode\/lillepott-hexa-vaike-kuldne\/"},"modified":"2026-04-17T15:37:23","modified_gmt":"2026-04-17T13:37:23","slug":"keraamiline-lillepott-hexa-vaike-kuldne","status":"publish","type":"product","link":"https:\/\/rent.radiustech.ee\/en\/toode\/keraamiline-lillepott-hexa-vaike-kuldne\/","title":{"rendered":"Keraamiline lillepott HEXA, v\u00e4ike kuldne"},"content":{"rendered":"","protected":false},"excerpt":{"rendered":"<p>M\u00f5\u00f5dud: \u230025cm<br \/>K\u00f5rgus: 22cm<\/p>\n<p>Kogus laos 4 tk.<\/p>\n","protected":false},"featured_media":13813,"template":"","meta":[],"product_brand":[],"product_cat":[544],"product_tag":[],"class_list":{"0":"post-13588","1":"product","2":"type-product","3":"status-publish","4":"has-post-thumbnail","6":"product_cat-potid","8":"first","9":"instock","10":"featured","11":"taxable","12":"shipping-taxable","13":"purchasable","14":"product-type-rentable"},"_links":{"self":[{"href":"https:\/\/rent.radiustech.ee\/en\/wp-json\/wp\/v2\/product\/13588","targetHints":{"allow":["GET"]}}],"collection":[{"href":"https:\/\/rent.radiustech.ee\/en\/wp-json\/wp\/v2\/product"}],"about":[{"href":"https:\/\/rent.radiustech.ee\/en\/wp-json\/wp\/v2\/types\/product"}],"version-history":[{"count":1,"href":"https:\/\/rent.radiustech.ee\/en\/wp-json\/wp\/v2\/product\/13588\/revisions"}],"predecessor-version":[{"id":14499,"href":"https:\/\/rent.radiustech.ee\/en\/wp-json\/wp\/v2\/product\/13588\/revisions\/14499"}],"wp:featuredmedia":[{"embeddable":true,"href":"https:\/\/rent.radiustech.ee\/en\/wp-json\/wp\/v2\/media\/13813"}],"wp:attachment":[{"href":"https:\/\/rent.radiustech.ee\/en\/wp-json\/wp\/v2\/media?parent=13588"}],"wp:term":[{"taxonomy":"product_brand","embeddable":true,"href":"https:\/\/rent.radiustech.ee\/en\/wp-json\/wp\/v2\/product_brand?post=13588"},{"taxonomy":"product_cat","embeddable":true,"href":"https:\/\/rent.radiustech.ee\/en\/wp-json\/wp\/v2\/product_cat?post=13588"},{"taxonomy":"product_tag","embeddable":true,"href":"https:\/\/rent.radiustech.ee\/en\/wp-json\/wp\/v2\/product_tag?post=13588"}],"curies":[{"name":"wp","href":"https:\/\/api.w.org\/{rel}","templated":true}]}}