{"id":13636,"date":"2025-04-21T17:50:06","date_gmt":"2025-04-21T15:50:06","guid":{"rendered":"https:\/\/rent.radiustech.ee\/toode\/baarilett-nature-roheline\/"},"modified":"2026-04-17T15:37:23","modified_gmt":"2026-04-17T13:37:23","slug":"baarilett-nature-roheline","status":"publish","type":"product","link":"https:\/\/rent.radiustech.ee\/en\/toode\/baarilett-nature-roheline\/","title":{"rendered":"Baarilett NATURE, roheline"},"content":{"rendered":"","protected":false},"excerpt":{"rendered":"<p>M\u00f5\u00f5dud: 200x73cm (baarileti s\u00fcgavus 60cm)<br \/>K\u00f5rgus: 130cm<\/p>\n<p>Materjal: MDF, puit<\/p>\n<p>Kogus laos 4 tk.<\/p>\n<p>\u00a0<\/p>\n","protected":false},"featured_media":13896,"template":"","meta":[],"product_brand":[],"product_cat":[565],"product_tag":[],"class_list":{"0":"post-13636","1":"product","2":"type-product","3":"status-publish","4":"has-post-thumbnail","6":"product_cat-baar","8":"first","9":"instock","10":"featured","11":"taxable","12":"shipping-taxable","13":"purchasable","14":"product-type-rentable"},"_links":{"self":[{"href":"https:\/\/rent.radiustech.ee\/en\/wp-json\/wp\/v2\/product\/13636","targetHints":{"allow":["GET"]}}],"collection":[{"href":"https:\/\/rent.radiustech.ee\/en\/wp-json\/wp\/v2\/product"}],"about":[{"href":"https:\/\/rent.radiustech.ee\/en\/wp-json\/wp\/v2\/types\/product"}],"version-history":[{"count":1,"href":"https:\/\/rent.radiustech.ee\/en\/wp-json\/wp\/v2\/product\/13636\/revisions"}],"predecessor-version":[{"id":14617,"href":"https:\/\/rent.radiustech.ee\/en\/wp-json\/wp\/v2\/product\/13636\/revisions\/14617"}],"wp:featuredmedia":[{"embeddable":true,"href":"https:\/\/rent.radiustech.ee\/en\/wp-json\/wp\/v2\/media\/13896"}],"wp:attachment":[{"href":"https:\/\/rent.radiustech.ee\/en\/wp-json\/wp\/v2\/media?parent=13636"}],"wp:term":[{"taxonomy":"product_brand","embeddable":true,"href":"https:\/\/rent.radiustech.ee\/en\/wp-json\/wp\/v2\/product_brand?post=13636"},{"taxonomy":"product_cat","embeddable":true,"href":"https:\/\/rent.radiustech.ee\/en\/wp-json\/wp\/v2\/product_cat?post=13636"},{"taxonomy":"product_tag","embeddable":true,"href":"https:\/\/rent.radiustech.ee\/en\/wp-json\/wp\/v2\/product_tag?post=13636"}],"curies":[{"name":"wp","href":"https:\/\/api.w.org\/{rel}","templated":true}]}}