{"id":14141,"date":"2025-10-29T00:23:05","date_gmt":"2025-10-28T22:23:05","guid":{"rendered":"https:\/\/rent.radiustech.ee\/toode\/diivanilaua-komplekt-nova\/"},"modified":"2026-04-17T15:37:25","modified_gmt":"2026-04-17T13:37:25","slug":"diivanilauakomplekt-nova","status":"publish","type":"product","link":"https:\/\/rent.radiustech.ee\/en\/toode\/diivanilauakomplekt-nova\/","title":{"rendered":"Diivanilauakomplekt NOVA"},"content":{"rendered":"","protected":false},"excerpt":{"rendered":"<p>Suurema laua m\u00f5\u00f5dud: \u230070cm<br \/>K\u00f5rgus: 43cm<\/p>\n<p>V\u00e4iksema laua m\u00f5\u00f5dud: \u230050cm<br \/>K\u00f5rgus: 48cm<\/p>\n<p>Kogus laos 4 komplekti.<\/p>\n","protected":false},"featured_media":14431,"template":"","meta":[],"product_brand":[],"product_cat":[560],"product_tag":[],"class_list":{"0":"post-14141","1":"product","2":"type-product","3":"status-publish","4":"has-post-thumbnail","6":"product_cat-diivanilauad","8":"first","9":"instock","10":"featured","11":"taxable","12":"shipping-taxable","13":"purchasable","14":"product-type-rentable"},"_links":{"self":[{"href":"https:\/\/rent.radiustech.ee\/en\/wp-json\/wp\/v2\/product\/14141","targetHints":{"allow":["GET"]}}],"collection":[{"href":"https:\/\/rent.radiustech.ee\/en\/wp-json\/wp\/v2\/product"}],"about":[{"href":"https:\/\/rent.radiustech.ee\/en\/wp-json\/wp\/v2\/types\/product"}],"version-history":[{"count":4,"href":"https:\/\/rent.radiustech.ee\/en\/wp-json\/wp\/v2\/product\/14141\/revisions"}],"predecessor-version":[{"id":14988,"href":"https:\/\/rent.radiustech.ee\/en\/wp-json\/wp\/v2\/product\/14141\/revisions\/14988"}],"wp:featuredmedia":[{"embeddable":true,"href":"https:\/\/rent.radiustech.ee\/en\/wp-json\/wp\/v2\/media\/14431"}],"wp:attachment":[{"href":"https:\/\/rent.radiustech.ee\/en\/wp-json\/wp\/v2\/media?parent=14141"}],"wp:term":[{"taxonomy":"product_brand","embeddable":true,"href":"https:\/\/rent.radiustech.ee\/en\/wp-json\/wp\/v2\/product_brand?post=14141"},{"taxonomy":"product_cat","embeddable":true,"href":"https:\/\/rent.radiustech.ee\/en\/wp-json\/wp\/v2\/product_cat?post=14141"},{"taxonomy":"product_tag","embeddable":true,"href":"https:\/\/rent.radiustech.ee\/en\/wp-json\/wp\/v2\/product_tag?post=14141"}],"curies":[{"name":"wp","href":"https:\/\/api.w.org\/{rel}","templated":true}]}}