{"id":14505,"date":"2025-12-01T18:44:56","date_gmt":"2025-12-01T16:44:56","guid":{"rendered":"https:\/\/rent.radiustech.ee\/toode\/keraamiline-lillepott-sandstone-vaike-must\/"},"modified":"2026-04-17T15:37:23","modified_gmt":"2026-04-17T13:37:23","slug":"keraamiline-lillepott-sandstone-vaike-must","status":"publish","type":"product","link":"https:\/\/rent.radiustech.ee\/en\/toode\/keraamiline-lillepott-sandstone-vaike-must\/","title":{"rendered":"Keraamiline lillepott SANDSTONE, v\u00e4ike must"},"content":{"rendered":"","protected":false},"excerpt":{"rendered":"<p>M\u00f5\u00f5dud: \u230022cm<br \/>K\u00f5rgus: 24cm<\/p>\n<p>Kogus laos 2 tk.<\/p>\n","protected":false},"featured_media":14517,"template":"","meta":[],"product_brand":[],"product_cat":[544],"product_tag":[],"class_list":{"0":"post-14505","1":"product","2":"type-product","3":"status-publish","4":"has-post-thumbnail","6":"product_cat-potid","8":"first","9":"instock","10":"taxable","11":"shipping-taxable","12":"purchasable","13":"product-type-rentable"},"_links":{"self":[{"href":"https:\/\/rent.radiustech.ee\/en\/wp-json\/wp\/v2\/product\/14505","targetHints":{"allow":["GET"]}}],"collection":[{"href":"https:\/\/rent.radiustech.ee\/en\/wp-json\/wp\/v2\/product"}],"about":[{"href":"https:\/\/rent.radiustech.ee\/en\/wp-json\/wp\/v2\/types\/product"}],"version-history":[{"count":0,"href":"https:\/\/rent.radiustech.ee\/en\/wp-json\/wp\/v2\/product\/14505\/revisions"}],"wp:featuredmedia":[{"embeddable":true,"href":"https:\/\/rent.radiustech.ee\/en\/wp-json\/wp\/v2\/media\/14517"}],"wp:attachment":[{"href":"https:\/\/rent.radiustech.ee\/en\/wp-json\/wp\/v2\/media?parent=14505"}],"wp:term":[{"taxonomy":"product_brand","embeddable":true,"href":"https:\/\/rent.radiustech.ee\/en\/wp-json\/wp\/v2\/product_brand?post=14505"},{"taxonomy":"product_cat","embeddable":true,"href":"https:\/\/rent.radiustech.ee\/en\/wp-json\/wp\/v2\/product_cat?post=14505"},{"taxonomy":"product_tag","embeddable":true,"href":"https:\/\/rent.radiustech.ee\/en\/wp-json\/wp\/v2\/product_tag?post=14505"}],"curies":[{"name":"wp","href":"https:\/\/api.w.org\/{rel}","templated":true}]}}