{"id":14548,"date":"2025-12-08T16:13:01","date_gmt":"2025-12-08T14:13:01","guid":{"rendered":"https:\/\/rent.radiustech.ee\/toode\/led-valgusriba-rgb-5m\/"},"modified":"2026-03-31T19:57:43","modified_gmt":"2026-03-31T17:57:43","slug":"led-nutivalgusriba-rgb-5m","status":"publish","type":"product","link":"https:\/\/rent.radiustech.ee\/en\/toode\/led-nutivalgusriba-rgb-5m\/","title":{"rendered":"LED-nutivalgusriba, RGB (5m)"},"content":{"rendered":"","protected":false},"excerpt":{"rendered":"<ul>\n<li>Palju erinevaid funktsioone, sh d\u00fcnaamilised v\u00e4rvidem\u00e4ngud, staatilised v\u00e4rvitoonid ning muusika (v\u00f5i l\u00e4heduses asuvate helide) r\u00fctmis liikumine<\/li>\n<li>Painduv ja veekindel disain (IP65)<\/li>\n<li>Kaasa tuleb pult ja\u00a05V toiteadapter<\/li>\n<\/ul>\n<p>Kogus laos 16 tk.<\/p>\n","protected":false},"featured_media":14564,"template":"","meta":[],"product_brand":[],"product_cat":[552],"product_tag":[],"class_list":{"0":"post-14548","1":"product","2":"type-product","3":"status-publish","4":"has-post-thumbnail","6":"product_cat-led-ja-valguskaunistused","8":"first","9":"instock","10":"featured","11":"taxable","12":"shipping-taxable","13":"purchasable","14":"product-type-rentable"},"_links":{"self":[{"href":"https:\/\/rent.radiustech.ee\/en\/wp-json\/wp\/v2\/product\/14548","targetHints":{"allow":["GET"]}}],"collection":[{"href":"https:\/\/rent.radiustech.ee\/en\/wp-json\/wp\/v2\/product"}],"about":[{"href":"https:\/\/rent.radiustech.ee\/en\/wp-json\/wp\/v2\/types\/product"}],"version-history":[{"count":2,"href":"https:\/\/rent.radiustech.ee\/en\/wp-json\/wp\/v2\/product\/14548\/revisions"}],"predecessor-version":[{"id":14589,"href":"https:\/\/rent.radiustech.ee\/en\/wp-json\/wp\/v2\/product\/14548\/revisions\/14589"}],"wp:featuredmedia":[{"embeddable":true,"href":"https:\/\/rent.radiustech.ee\/en\/wp-json\/wp\/v2\/media\/14564"}],"wp:attachment":[{"href":"https:\/\/rent.radiustech.ee\/en\/wp-json\/wp\/v2\/media?parent=14548"}],"wp:term":[{"taxonomy":"product_brand","embeddable":true,"href":"https:\/\/rent.radiustech.ee\/en\/wp-json\/wp\/v2\/product_brand?post=14548"},{"taxonomy":"product_cat","embeddable":true,"href":"https:\/\/rent.radiustech.ee\/en\/wp-json\/wp\/v2\/product_cat?post=14548"},{"taxonomy":"product_tag","embeddable":true,"href":"https:\/\/rent.radiustech.ee\/en\/wp-json\/wp\/v2\/product_tag?post=14548"}],"curies":[{"name":"wp","href":"https:\/\/api.w.org\/{rel}","templated":true}]}}