{"id":14588,"date":"2025-12-11T15:44:28","date_gmt":"2025-12-11T13:44:28","guid":{"rendered":"https:\/\/rent.radiustech.ee\/toode\/led-kuunlad-4-tk\/"},"modified":"2026-03-31T19:57:43","modified_gmt":"2026-03-31T17:57:43","slug":"led-kuunlad-4-tk","status":"publish","type":"product","link":"https:\/\/rent.radiustech.ee\/en\/toode\/led-kuunlad-4-tk\/","title":{"rendered":"LED k\u00fc\u00fcnlad (4 tk)"},"content":{"rendered":"","protected":false},"excerpt":{"rendered":"<p>K\u00fc\u00fcnlad on 24 cm k\u00f5rgused.<\/p>\n<p>Komplekti kuuluvad 2xAAA patareid.<\/p>\n<p>Kogus laos 4 komplekti (16 tk)<\/p>\n","protected":false},"featured_media":14602,"template":"","meta":[],"product_brand":[],"product_cat":[552],"product_tag":[],"class_list":{"0":"post-14588","1":"product","2":"type-product","3":"status-publish","4":"has-post-thumbnail","6":"product_cat-led-ja-valguskaunistused","8":"first","9":"instock","10":"featured","11":"taxable","12":"shipping-taxable","13":"purchasable","14":"product-type-rentable"},"_links":{"self":[{"href":"https:\/\/rent.radiustech.ee\/en\/wp-json\/wp\/v2\/product\/14588","targetHints":{"allow":["GET"]}}],"collection":[{"href":"https:\/\/rent.radiustech.ee\/en\/wp-json\/wp\/v2\/product"}],"about":[{"href":"https:\/\/rent.radiustech.ee\/en\/wp-json\/wp\/v2\/types\/product"}],"version-history":[{"count":0,"href":"https:\/\/rent.radiustech.ee\/en\/wp-json\/wp\/v2\/product\/14588\/revisions"}],"wp:featuredmedia":[{"embeddable":true,"href":"https:\/\/rent.radiustech.ee\/en\/wp-json\/wp\/v2\/media\/14602"}],"wp:attachment":[{"href":"https:\/\/rent.radiustech.ee\/en\/wp-json\/wp\/v2\/media?parent=14588"}],"wp:term":[{"taxonomy":"product_brand","embeddable":true,"href":"https:\/\/rent.radiustech.ee\/en\/wp-json\/wp\/v2\/product_brand?post=14588"},{"taxonomy":"product_cat","embeddable":true,"href":"https:\/\/rent.radiustech.ee\/en\/wp-json\/wp\/v2\/product_cat?post=14588"},{"taxonomy":"product_tag","embeddable":true,"href":"https:\/\/rent.radiustech.ee\/en\/wp-json\/wp\/v2\/product_tag?post=14588"}],"curies":[{"name":"wp","href":"https:\/\/api.w.org\/{rel}","templated":true}]}}