{"id":14590,"date":"2025-12-11T15:44:35","date_gmt":"2025-12-11T13:44:35","guid":{"rendered":"https:\/\/rent.radiustech.ee\/toode\/led-kuunalde-komplekt-3-tk\/"},"modified":"2026-03-31T19:57:43","modified_gmt":"2026-03-31T17:57:43","slug":"led-kuunalde-komplekt-3-tk","status":"publish","type":"product","link":"https:\/\/rent.radiustech.ee\/en\/toode\/led-kuunalde-komplekt-3-tk\/","title":{"rendered":"LED k\u00fc\u00fcnalde komplekt (3 tk)"},"content":{"rendered":"","protected":false},"excerpt":{"rendered":"<p>K\u00fc\u00fcnlad on 10, 13 ja 16 cm k\u00f5rgused, l\u00e4bim\u00f5\u00f5duga 7 cm.<\/p>\n<p>Komplekti kuuluvad 2xAA patareid.<\/p>\n<p>Kogus laos 2 komplekti.<\/p>\n","protected":false},"featured_media":14596,"template":"","meta":[],"product_brand":[],"product_cat":[552],"product_tag":[],"class_list":{"0":"post-14590","1":"product","2":"type-product","3":"status-publish","4":"has-post-thumbnail","6":"product_cat-led-ja-valguskaunistused","8":"first","9":"instock","10":"featured","11":"taxable","12":"shipping-taxable","13":"purchasable","14":"product-type-rentable"},"_links":{"self":[{"href":"https:\/\/rent.radiustech.ee\/en\/wp-json\/wp\/v2\/product\/14590","targetHints":{"allow":["GET"]}}],"collection":[{"href":"https:\/\/rent.radiustech.ee\/en\/wp-json\/wp\/v2\/product"}],"about":[{"href":"https:\/\/rent.radiustech.ee\/en\/wp-json\/wp\/v2\/types\/product"}],"version-history":[{"count":0,"href":"https:\/\/rent.radiustech.ee\/en\/wp-json\/wp\/v2\/product\/14590\/revisions"}],"wp:featuredmedia":[{"embeddable":true,"href":"https:\/\/rent.radiustech.ee\/en\/wp-json\/wp\/v2\/media\/14596"}],"wp:attachment":[{"href":"https:\/\/rent.radiustech.ee\/en\/wp-json\/wp\/v2\/media?parent=14590"}],"wp:term":[{"taxonomy":"product_brand","embeddable":true,"href":"https:\/\/rent.radiustech.ee\/en\/wp-json\/wp\/v2\/product_brand?post=14590"},{"taxonomy":"product_cat","embeddable":true,"href":"https:\/\/rent.radiustech.ee\/en\/wp-json\/wp\/v2\/product_cat?post=14590"},{"taxonomy":"product_tag","embeddable":true,"href":"https:\/\/rent.radiustech.ee\/en\/wp-json\/wp\/v2\/product_tag?post=14590"}],"curies":[{"name":"wp","href":"https:\/\/api.w.org\/{rel}","templated":true}]}}