{"id":14686,"date":"2026-02-01T14:13:25","date_gmt":"2026-02-01T12:13:25","guid":{"rendered":"https:\/\/rent.radiustech.ee\/toode\/noop-sonajalg-kimp-40cm\/"},"modified":"2026-04-17T15:37:25","modified_gmt":"2026-04-17T13:37:25","slug":"noop-sonajalg-kimp-40cm","status":"publish","type":"product","link":"https:\/\/rent.radiustech.ee\/en\/toode\/noop-sonajalg-kimp-40cm\/","title":{"rendered":"N\u00f6\u00f6p-s\u00f5najalg, kimp (40cm)"},"content":{"rendered":"","protected":false},"excerpt":{"rendered":"","protected":false},"featured_media":14842,"template":"","meta":[],"product_brand":[],"product_cat":[195],"product_tag":[],"class_list":{"0":"post-14686","1":"product","2":"type-product","3":"status-publish","4":"has-post-thumbnail","6":"product_cat-ripptaimed-ja-lehed","8":"first","9":"instock","10":"featured","11":"taxable","12":"shipping-taxable","13":"purchasable","14":"product-type-rentable"},"_links":{"self":[{"href":"https:\/\/rent.radiustech.ee\/en\/wp-json\/wp\/v2\/product\/14686","targetHints":{"allow":["GET"]}}],"collection":[{"href":"https:\/\/rent.radiustech.ee\/en\/wp-json\/wp\/v2\/product"}],"about":[{"href":"https:\/\/rent.radiustech.ee\/en\/wp-json\/wp\/v2\/types\/product"}],"version-history":[{"count":0,"href":"https:\/\/rent.radiustech.ee\/en\/wp-json\/wp\/v2\/product\/14686\/revisions"}],"wp:featuredmedia":[{"embeddable":true,"href":"https:\/\/rent.radiustech.ee\/en\/wp-json\/wp\/v2\/media\/14842"}],"wp:attachment":[{"href":"https:\/\/rent.radiustech.ee\/en\/wp-json\/wp\/v2\/media?parent=14686"}],"wp:term":[{"taxonomy":"product_brand","embeddable":true,"href":"https:\/\/rent.radiustech.ee\/en\/wp-json\/wp\/v2\/product_brand?post=14686"},{"taxonomy":"product_cat","embeddable":true,"href":"https:\/\/rent.radiustech.ee\/en\/wp-json\/wp\/v2\/product_cat?post=14686"},{"taxonomy":"product_tag","embeddable":true,"href":"https:\/\/rent.radiustech.ee\/en\/wp-json\/wp\/v2\/product_tag?post=14686"}],"curies":[{"name":"wp","href":"https:\/\/api.w.org\/{rel}","templated":true}]}}