{"id":14725,"date":"2026-02-01T14:13:30","date_gmt":"2026-02-01T12:13:30","guid":{"rendered":"https:\/\/rent.radiustech.ee\/toode\/led-valgusriba-uhevarviline-5m\/"},"modified":"2026-05-14T10:58:37","modified_gmt":"2026-05-14T08:58:37","slug":"led-valgusriba-uhevarviline-5m","status":"publish","type":"product","link":"https:\/\/rent.radiustech.ee\/en\/toode\/led-valgusriba-uhevarviline-5m\/","title":{"rendered":"LED valgusriba, \u00fchev\u00e4rviline (5m)"},"content":{"rendered":"","protected":false},"excerpt":{"rendered":"<p>V\u00e4rvivalik:<\/p>\n<ul>\n<li>sinine<\/li>\n<li>punane<\/li>\n<li>roheline<\/li>\n<li>roosa<\/li>\n<li>valge<\/li>\n<\/ul>\n","protected":false},"featured_media":14868,"template":"","meta":[],"product_brand":[],"product_cat":[552],"product_tag":[],"class_list":{"0":"post-14725","1":"product","2":"type-product","3":"status-publish","4":"has-post-thumbnail","6":"product_cat-led-ja-valguskaunistused","8":"first","9":"instock","10":"featured","11":"taxable","12":"shipping-taxable","13":"purchasable","14":"product-type-rentable"},"_links":{"self":[{"href":"https:\/\/rent.radiustech.ee\/en\/wp-json\/wp\/v2\/product\/14725","targetHints":{"allow":["GET"]}}],"collection":[{"href":"https:\/\/rent.radiustech.ee\/en\/wp-json\/wp\/v2\/product"}],"about":[{"href":"https:\/\/rent.radiustech.ee\/en\/wp-json\/wp\/v2\/types\/product"}],"version-history":[{"count":0,"href":"https:\/\/rent.radiustech.ee\/en\/wp-json\/wp\/v2\/product\/14725\/revisions"}],"wp:featuredmedia":[{"embeddable":true,"href":"https:\/\/rent.radiustech.ee\/en\/wp-json\/wp\/v2\/media\/14868"}],"wp:attachment":[{"href":"https:\/\/rent.radiustech.ee\/en\/wp-json\/wp\/v2\/media?parent=14725"}],"wp:term":[{"taxonomy":"product_brand","embeddable":true,"href":"https:\/\/rent.radiustech.ee\/en\/wp-json\/wp\/v2\/product_brand?post=14725"},{"taxonomy":"product_cat","embeddable":true,"href":"https:\/\/rent.radiustech.ee\/en\/wp-json\/wp\/v2\/product_cat?post=14725"},{"taxonomy":"product_tag","embeddable":true,"href":"https:\/\/rent.radiustech.ee\/en\/wp-json\/wp\/v2\/product_tag?post=14725"}],"curies":[{"name":"wp","href":"https:\/\/api.w.org\/{rel}","templated":true}]}}