{"id":14934,"date":"2026-02-16T10:58:04","date_gmt":"2026-02-16T08:58:04","guid":{"rendered":"https:\/\/rent.radiustech.ee\/toode\/diivanilauakomplekt-trip\/"},"modified":"2026-03-31T19:57:44","modified_gmt":"2026-03-31T17:57:44","slug":"diivanilauakomplekt-trip","status":"publish","type":"product","link":"https:\/\/rent.radiustech.ee\/en\/toode\/diivanilauakomplekt-trip\/","title":{"rendered":"Diivanilauakomplekt TRIP"},"content":{"rendered":"","protected":false},"excerpt":{"rendered":"<p>Suurema laua m\u00f5\u00f5dud: \u230060cm<br \/>K\u00f5rgus: 46cm<\/p>\n<p>V\u00e4iksema laua m\u00f5\u00f5dud:\u00a0\u230050cm<br \/>K\u00f5rgus: 40cm<\/p>\n<p>Materjal: MDF, melamiin<\/p>\n<p>Kogus laos 2 komplekti.<\/p>\n","protected":false},"featured_media":14946,"template":"","meta":[],"product_brand":[],"product_cat":[560],"product_tag":[],"class_list":{"0":"post-14934","1":"product","2":"type-product","3":"status-publish","4":"has-post-thumbnail","6":"product_cat-diivanilauad","8":"first","9":"instock","10":"featured","11":"taxable","12":"shipping-taxable","13":"purchasable","14":"product-type-rentable"},"_links":{"self":[{"href":"https:\/\/rent.radiustech.ee\/en\/wp-json\/wp\/v2\/product\/14934","targetHints":{"allow":["GET"]}}],"collection":[{"href":"https:\/\/rent.radiustech.ee\/en\/wp-json\/wp\/v2\/product"}],"about":[{"href":"https:\/\/rent.radiustech.ee\/en\/wp-json\/wp\/v2\/types\/product"}],"version-history":[{"count":0,"href":"https:\/\/rent.radiustech.ee\/en\/wp-json\/wp\/v2\/product\/14934\/revisions"}],"wp:featuredmedia":[{"embeddable":true,"href":"https:\/\/rent.radiustech.ee\/en\/wp-json\/wp\/v2\/media\/14946"}],"wp:attachment":[{"href":"https:\/\/rent.radiustech.ee\/en\/wp-json\/wp\/v2\/media?parent=14934"}],"wp:term":[{"taxonomy":"product_brand","embeddable":true,"href":"https:\/\/rent.radiustech.ee\/en\/wp-json\/wp\/v2\/product_brand?post=14934"},{"taxonomy":"product_cat","embeddable":true,"href":"https:\/\/rent.radiustech.ee\/en\/wp-json\/wp\/v2\/product_cat?post=14934"},{"taxonomy":"product_tag","embeddable":true,"href":"https:\/\/rent.radiustech.ee\/en\/wp-json\/wp\/v2\/product_tag?post=14934"}],"curies":[{"name":"wp","href":"https:\/\/api.w.org\/{rel}","templated":true}]}}