{"id":14957,"date":"2026-03-16T17:29:10","date_gmt":"2026-03-16T15:29:10","guid":{"rendered":"https:\/\/rent.radiustech.ee\/toode\/diivanilauakomplekt-stella-klaas-puit\/"},"modified":"2026-04-23T10:09:09","modified_gmt":"2026-04-23T08:09:09","slug":"diivanilauakomplekt-stella-klaas-puit","status":"publish","type":"product","link":"https:\/\/rent.radiustech.ee\/en\/toode\/diivanilauakomplekt-stella-klaas-puit\/","title":{"rendered":"Diivanilauakomplekt STELLA, klaas\/puit"},"content":{"rendered":"","protected":false},"excerpt":{"rendered":"<p>Suurema laua m\u00f5\u00f5dud: \u230050cm<br \/>K\u00f5rgus: 45cm<\/p>\n<p>V\u00e4iksema laua m\u00f5\u00f5dud:\u00a0\u230040cm<br \/>K\u00f5rgus: 40cm<\/p>\n<p>Materjal: karastatud klaas, tammespoon<\/p>\n<p>Kogus laos 2 komplekti.<br \/>\u00a0<\/p>\n","protected":false},"featured_media":14970,"template":"","meta":[],"product_brand":[],"product_cat":[560],"product_tag":[],"class_list":{"0":"post-14957","1":"product","2":"type-product","3":"status-publish","4":"has-post-thumbnail","6":"product_cat-diivanilauad","8":"first","9":"instock","10":"featured","11":"taxable","12":"shipping-taxable","13":"purchasable","14":"product-type-rentable"},"_links":{"self":[{"href":"https:\/\/rent.radiustech.ee\/en\/wp-json\/wp\/v2\/product\/14957","targetHints":{"allow":["GET"]}}],"collection":[{"href":"https:\/\/rent.radiustech.ee\/en\/wp-json\/wp\/v2\/product"}],"about":[{"href":"https:\/\/rent.radiustech.ee\/en\/wp-json\/wp\/v2\/types\/product"}],"version-history":[{"count":0,"href":"https:\/\/rent.radiustech.ee\/en\/wp-json\/wp\/v2\/product\/14957\/revisions"}],"wp:featuredmedia":[{"embeddable":true,"href":"https:\/\/rent.radiustech.ee\/en\/wp-json\/wp\/v2\/media\/14970"}],"wp:attachment":[{"href":"https:\/\/rent.radiustech.ee\/en\/wp-json\/wp\/v2\/media?parent=14957"}],"wp:term":[{"taxonomy":"product_brand","embeddable":true,"href":"https:\/\/rent.radiustech.ee\/en\/wp-json\/wp\/v2\/product_brand?post=14957"},{"taxonomy":"product_cat","embeddable":true,"href":"https:\/\/rent.radiustech.ee\/en\/wp-json\/wp\/v2\/product_cat?post=14957"},{"taxonomy":"product_tag","embeddable":true,"href":"https:\/\/rent.radiustech.ee\/en\/wp-json\/wp\/v2\/product_tag?post=14957"}],"curies":[{"name":"wp","href":"https:\/\/api.w.org\/{rel}","templated":true}]}}